{"id":351,"date":"2014-06-23T14:00:39","date_gmt":"2014-06-23T14:00:39","guid":{"rendered":"http:\/\/www.3faktoriyel.com\/blog\/?page_id=351"},"modified":"2020-10-09T09:12:36","modified_gmt":"2020-10-09T09:12:36","slug":"insan-kaynaklari-izin-yonetim-sistemi","status":"publish","type":"page","link":"https:\/\/www.3faktoriyel.com\/blog\/insan-kaynaklari-izin-yonetim-sistemi\/","title":{"rendered":"3FHR \u0130Z\u0130N Y\u00d6NET\u0130M S\u0130STEM\u0130"},"content":{"rendered":"<p><a name=\"3fhr\"><\/a><\/p>\n<h2 style=\"text-align: justify;\">NED\u0130R?<\/h2>\n<p style=\"text-align: justify;\">3fHR, \u00d6zellikle \u00e7al\u0131\u015fan say\u0131s\u0131 y\u00fcksek olan \u015firket ve kurumlar\u0131n \u0130nsan Kaynaklar\u0131 departmanlar\u0131nca, \u00e7al\u0131\u015fanlar\u0131n izin ba\u015fvurular\u0131n\u0131 alan ve organizasyon yap\u0131s\u0131na g\u00f6re onay s\u00fcrecini y\u00fcr\u00fcten, sonras\u0131nda da y\u0131ll\u0131k izin durumlar\u0131n\u0131n y\u00f6netimini sa\u011flayan online bir \u0130zin Y\u00f6netim Sistemi&#8217;dir.<\/p>\n<h2 style=\"text-align: justify;\">\u00d6ZELL\u0130KLER<\/h2>\n<ul>\n<li>Y\u0131ll\u0131k izin, mazaret izni, vefat, hastal\u0131k, do\u011fum, vb. gibi di\u011fer izinlerin y\u00f6netimi,<\/li>\n<li><span style=\"text-align: justify;\">Organizasyon \u015femas\u0131na g\u00f6re izin taleplerinin bildirimi ve onaylanmas\u0131n\u0131n y\u00f6netimi,<\/span><\/li>\n<li>\u00c7al\u0131\u015fanlar\u0131n i\u015fe al\u0131m tarihleri itibari ile izin haklar\u0131n\u0131n \u00e7al\u0131\u015f\u0131lan y\u0131l say\u0131s\u0131na g\u00f6re her yeni y\u0131lda otomatik olarak eklenmesi ve art\u0131r\u0131lmas\u0131,<\/li>\n<li>Departman ve kullan\u0131c\u0131 y\u00f6netimi, kullan\u0131c\u0131 profil foto\u011fraf\u0131 ekleme, dil se\u00e7imi vb. gibi<\/li>\n<li>Web tabanl\u0131, her yerden eri\u015filebilir, \u00a0&#8220;Responsive Design&#8221; \u00f6zelli\u011fi ile t\u00fcm ak\u0131ll\u0131 telefon ve tabletlerle uyumlu,<\/li>\n<li>\u0130zin tiplerine, departmanlara, kullan\u0131c\u0131lara ve tarih aral\u0131klar\u0131na g\u00f6re raporlama, \u00e7e\u015fitli dosya tiplerinde \u00e7\u0131kt\u0131 alabilme,<\/li>\n<li>Kurum i\u00e7i ileti\u015fim i\u00e7in kullan\u0131c\u0131lar taraf\u0131ndan &#8220;an itibari ile kimler izinde?&#8221;, &#8220;\u00f6n\u00fcm\u00fczdeki 7 g\u00fcn i\u00e7inde kimler izinde?&#8221; bilgisini g\u00f6r\u00fcnt\u00fcleyebilme,<\/li>\n<li>Y\u0131ll\u0131k takvim olu\u015fturarak y\u0131ll\u0131k izinden d\u00fc\u015fmemesi gereken Resmi Tatiller d\u0131\u015f\u0131nda yar\u0131m ya da tam g\u00fcn olarak tatil g\u00fcnleri girebilme,<\/li>\n<li>Kurumlar\u0131n ihtiya\u00e7lar\u0131na g\u00f6re \u00f6zelle\u015ftirilebilme, di\u011fer servisler ile entegre edilebilme vb. gibi bir \u00e7ok esnek kullan\u0131m olanaklar\u0131.<\/li>\n<\/ul>\n<p><a class=\"fancy\" title=\"\u0130nsan Kaynaklar\u0131 \u0130zin Y\u00f6netim Sistemi\" href=\"http:\/\/www.3faktoriyel.com\/blog\/wp-content\/uploads\/2014\/07\/3fhr_mac.jpg\"><img loading=\"lazy\" class=\"alignnone size-full wp-image-447\" src=\"http:\/\/www.3faktoriyel.com\/blog\/wp-content\/uploads\/2014\/06\/3fhr_mac_header.jpg\" alt=\"3fhr_mac_header\" width=\"700\" height=\"467\" srcset=\"https:\/\/www.3faktoriyel.com\/blog\/wp-content\/uploads\/2014\/06\/3fhr_mac_header.jpg 700w, https:\/\/www.3faktoriyel.com\/blog\/wp-content\/uploads\/2014\/06\/3fhr_mac_header-150x100.jpg 150w, https:\/\/www.3faktoriyel.com\/blog\/wp-content\/uploads\/2014\/06\/3fhr_mac_header-300x200.jpg 300w\" sizes=\"(max-width: 700px) 100vw, 700px\" \/><\/a><\/p>\n<p><a class=\"fancy\" title=\"\u0130nsan Kaynaklar\u0131 \u0130zin Y\u00f6netim Sistemi - Tablet G\u00f6r\u00fcn\u00fcm\u00fc\" href=\"http:\/\/www.3faktoriyel.com\/blog\/wp-content\/uploads\/2014\/07\/3fhr_ipad.jpg\"><img loading=\"lazy\" class=\"alignnone size-full wp-image-454\" src=\"http:\/\/www.3faktoriyel.com\/blog\/wp-content\/uploads\/2014\/06\/3fhr_ipad_header.jpg\" alt=\"3fhr_ipad_header\" width=\"700\" height=\"467\" srcset=\"https:\/\/www.3faktoriyel.com\/blog\/wp-content\/uploads\/2014\/06\/3fhr_ipad_header.jpg 700w, https:\/\/www.3faktoriyel.com\/blog\/wp-content\/uploads\/2014\/06\/3fhr_ipad_header-150x100.jpg 150w, https:\/\/www.3faktoriyel.com\/blog\/wp-content\/uploads\/2014\/06\/3fhr_ipad_header-300x200.jpg 300w\" sizes=\"(max-width: 700px) 100vw, 700px\" \/><\/a><\/p>\n<p><a href=\"https:\/\/www.3faktoriyel.com\/3fhr-online-izin-yonetim-sistemi\" target=\"_blank\" rel=\"noopener noreferrer\">Detayl\u0131 Bilgi ve Sunum \u0130\u00e7in Bize Ula\u015f\u0131n<\/a><\/p>\n","protected":false},"excerpt":{"rendered":"<p>NED\u0130R? 3fHR, \u00d6zellikle \u00e7al\u0131\u015fan say\u0131s\u0131 y\u00fcksek olan \u015firket ve kurumlar\u0131n \u0130nsan Kaynaklar\u0131 departmanlar\u0131nca, \u00e7al\u0131\u015fanlar\u0131n izin ba\u015fvurular\u0131n\u0131 alan ve organizasyon yap\u0131s\u0131na g\u00f6re onay s\u00fcrecini y\u00fcr\u00fcten, sonras\u0131nda da y\u0131ll\u0131k izin durumlar\u0131n\u0131n y\u00f6netimini sa\u011flayan online bir \u0130zin Y\u00f6netim Sistemi&#8217;dir. \u00d6ZELL\u0130KLER Y\u0131ll\u0131k izin, mazaret izni, vefat, hastal\u0131k, do\u011fum, vb. gibi di\u011fer izinlerin y\u00f6netimi, Organizasyon \u015femas\u0131na g\u00f6re izin taleplerinin bildirimi [&hellip;]<\/p>\n","protected":false},"author":1,"featured_media":1224,"parent":0,"menu_order":0,"comment_status":"open","ping_status":"open","template":"","meta":[],"_links":{"self":[{"href":"https:\/\/www.3faktoriyel.com\/blog\/wp-json\/wp\/v2\/pages\/351"}],"collection":[{"href":"https:\/\/www.3faktoriyel.com\/blog\/wp-json\/wp\/v2\/pages"}],"about":[{"href":"https:\/\/www.3faktoriyel.com\/blog\/wp-json\/wp\/v2\/types\/page"}],"author":[{"embeddable":true,"href":"https:\/\/www.3faktoriyel.com\/blog\/wp-json\/wp\/v2\/users\/1"}],"replies":[{"embeddable":true,"href":"https:\/\/www.3faktoriyel.com\/blog\/wp-json\/wp\/v2\/comments?post=351"}],"version-history":[{"count":45,"href":"https:\/\/www.3faktoriyel.com\/blog\/wp-json\/wp\/v2\/pages\/351\/revisions"}],"predecessor-version":[{"id":1226,"href":"https:\/\/www.3faktoriyel.com\/blog\/wp-json\/wp\/v2\/pages\/351\/revisions\/1226"}],"wp:featuredmedia":[{"embeddable":true,"href":"https:\/\/www.3faktoriyel.com\/blog\/wp-json\/wp\/v2\/media\/1224"}],"wp:attachment":[{"href":"https:\/\/www.3faktoriyel.com\/blog\/wp-json\/wp\/v2\/media?parent=351"}],"curies":[{"name":"wp","href":"https:\/\/api.w.org\/{rel}","templated":true}]}}