{"id":387,"date":"2014-07-08T15:23:20","date_gmt":"2014-07-08T15:23:20","guid":{"rendered":"http:\/\/www.3faktoriyel.com\/blog\/?page_id=387"},"modified":"2020-09-11T19:40:16","modified_gmt":"2020-09-11T19:40:16","slug":"online-sinav-sistemi","status":"publish","type":"page","link":"https:\/\/www.3faktoriyel.com\/blog\/online-sinav-sistemi\/","title":{"rendered":"3FEXAM ONLINE SINAV S\u0130STEM\u0130"},"content":{"rendered":"<p><a name=\"3fexam\"><\/a><a class=\"fancy\" title=\"Online S\u0131nav Sistemi - Mobil Uyumlu\" href=\"http:\/\/www.3faktoriyel.com\/blog\/wp-content\/uploads\/2014\/07\/3fexam_ipad.jpg\"><img loading=\"lazy\" class=\"alignnone size-full wp-image-471\" src=\"http:\/\/www.3faktoriyel.com\/blog\/wp-content\/uploads\/2014\/07\/3fexam_ipad_header.jpg\" alt=\"3fexam_ipad_header\" width=\"700\" height=\"430\" srcset=\"https:\/\/www.3faktoriyel.com\/blog\/wp-content\/uploads\/2014\/07\/3fexam_ipad_header.jpg 700w, https:\/\/www.3faktoriyel.com\/blog\/wp-content\/uploads\/2014\/07\/3fexam_ipad_header-150x92.jpg 150w, https:\/\/www.3faktoriyel.com\/blog\/wp-content\/uploads\/2014\/07\/3fexam_ipad_header-300x184.jpg 300w\" sizes=\"(max-width: 700px) 100vw, 700px\" \/><\/a><\/p>\n<h2 align=\"justify\">NED\u0130R?<\/h2>\n<p>3fexam, Web tabanl\u0131 online bir s\u0131nav \u00e7\u00f6z\u00fcm\u00fcd\u00fcr. Bu sayede<\/p>\n<ul>\n<li>Verilen i\u00e7 e\u011fitimlerin geri d\u00f6n\u00fc\u015flerini \u00f6l\u00e7mek amac\u0131yla,<\/li>\n<li>Birden \u00e7ok b\u00f6lgede, bir \u00e7ok saha personeline sahip kurum ve \u015firketlerde, e\u011fitim kurumlar\u0131nda, \u00fcniversitelerde,<\/li>\n<li>Ara\u015ft\u0131rma projelerinde belli gruplara y\u00f6nelik veri toplamak amac\u0131yla,<\/li>\n<\/ul>\n<p>kullan\u0131c\u0131lara, bir \u00e7ok konuda \u00e7e\u015fitli soru havuzlar\u0131ndan se\u00e7ilen farkl\u0131 zorluk seviyelerindeki sorulardan olu\u015fan online s\u0131navlar yap\u0131labilir, bunlar\u0131n sonu\u00e7lar\u0131 s\u0131nav bitiminde an\u0131nda g\u00f6r\u00fcnt\u00fclenebilir, sonu\u00e7lar \u00e7e\u015fitli grafik ve raporlarla de\u011ferlendirilebilir, &nbsp;performans takibi yap\u0131labilir.<\/p>\n<h2>\u00d6ZELL\u0130KLER<\/h2>\n<ul>\n<li>Web tabanl\u0131d\u0131r ve &#8220;Responsive Design&#8221; \u00f6zelli\u011fi sayesinde t\u00fcm mobil platformlarla uyumludur.<\/li>\n<li>Herhangi bir yat\u0131r\u0131m maliyeti olmadan, sadece SaaS &#8211; &#8220;Software as a Service &#8221; &nbsp;bir &#8220;servis olarak yaz\u0131l\u0131m&#8221; y\u00f6ntemi ile kullan\u0131labilir.<\/li>\n<li>T\u00fcm kullan\u0131c\u0131lara ayn\u0131 anda s\u0131nav yap\u0131labilece\u011fi gibi, belirli bir tarih aral\u0131\u011f\u0131nda kullan\u0131c\u0131lar\u0131n istedi\u011fi zaman s\u0131nav olabilmesi de m\u00fcmk\u00fcnd\u00fcr.<\/li>\n<li>\u00c7oktan se\u00e7meli, bo\u015fluk doldurma, do\u011fru yanl\u0131\u015f vb. gibi farkl\u0131 soru tipleri olu\u015fturulabilir, ayn\u0131 s\u0131navda kullan\u0131labilir.<\/li>\n<li>Soru havuzlar\u0131 kolayl\u0131kla dosyadan aktarma ya da te tek giri\u015f y\u00f6ntemi ile olu\u015fturulabilir.<\/li>\n<li>Departman ve b\u00f6lge baz\u0131nda s\u0131navlar yap\u0131labilir<\/li>\n<li>\u00c7e\u015fitli seviyede yetkilendirme sayesinde departman, b\u00f6lge baz\u0131nda sonu\u00e7lar farkl\u0131 y\u00f6neticiler taraf\u0131ndan g\u00f6r\u00fcnt\u00fclenebilir, de\u011ferlendirilebilir.<\/li>\n<li>Sonu\u00e7lar raporlar ve grafikler arac\u0131l\u0131\u011f\u0131 ile sunulur, bu sayede \u00f6l\u00e7me ve de\u011ferlendirme kolayla\u015f\u0131r.<\/li>\n<li>&#8220;<a href=\"http:\/\/www.3faktoriyel.com\/blog\/kurumlar-icin-sosyal-medya-cozumu-spark\/\" target=\"_blank\" rel=\"noopener noreferrer\">Kurumlar \u0130\u00e7in Sosyal Medya Platformu &#8211; SPARK<\/a>&#8221; ile entegre \u015fekilde kullan\u0131larak, kullan\u0131c\u0131lar aras\u0131nda sorular ve s\u0131navlar hakk\u0131nda yorumlar ve tart\u0131\u015fmalar yap\u0131labilmesi, baz\u0131 tamamlay\u0131c\u0131 bilgilerin video ve slaytlarla verilebilmesi gibi olanaklar sa\u011flanarak \u00e7al\u0131\u015fanlar aras\u0131nda kurum i\u00e7i ileti\u015fim ve sosyalle\u015fme sa\u011flan\u0131r.<\/li>\n<li>\u00c7e\u015fitli seviyelerden olu\u015fan g\u00fcvenlik protokolleri ile kullan\u0131c\u0131lar\u0131n \u00f6zl\u00fck bilgileri, s\u0131nav sorular\u0131, yan\u0131tlar ve s\u0131nav sonu\u00e7lar\u0131 vb. gibi bilgiler sistemde g\u00fcvenli bir \u015fekilde tutulur.<\/li>\n<\/ul>\n<p><a class=\"fancy\" title=\"Online S\u0131nav Sistemi - Mobil Uyumlu\" href=\"http:\/\/www.3faktoriyel.com\/blog\/wp-content\/uploads\/2014\/07\/3fexam_iphone.jpg\"><img loading=\"lazy\" class=\"alignnone size-full wp-image-463\" src=\"http:\/\/www.3faktoriyel.com\/blog\/wp-content\/uploads\/2014\/07\/3fexam_iphone_header.jpg\" alt=\"3fexam_iphone_header\" width=\"700\" height=\"525\" srcset=\"https:\/\/www.3faktoriyel.com\/blog\/wp-content\/uploads\/2014\/07\/3fexam_iphone_header.jpg 700w, https:\/\/www.3faktoriyel.com\/blog\/wp-content\/uploads\/2014\/07\/3fexam_iphone_header-150x112.jpg 150w, https:\/\/www.3faktoriyel.com\/blog\/wp-content\/uploads\/2014\/07\/3fexam_iphone_header-300x225.jpg 300w\" sizes=\"(max-width: 700px) 100vw, 700px\" \/><\/a><\/p>\n<p><a class=\"fancy\" title=\"Online S\u0131nav Sistemi\" href=\"http:\/\/www.3faktoriyel.com\/blog\/wp-content\/uploads\/2014\/07\/3fexam_mac.jpg\"><img loading=\"lazy\" class=\"alignnone size-full wp-image-466\" src=\"http:\/\/www.3faktoriyel.com\/blog\/wp-content\/uploads\/2014\/07\/3fexam_mac_header.jpg\" alt=\"3fexam_mac_header\" width=\"700\" height=\"467\" srcset=\"https:\/\/www.3faktoriyel.com\/blog\/wp-content\/uploads\/2014\/07\/3fexam_mac_header.jpg 700w, https:\/\/www.3faktoriyel.com\/blog\/wp-content\/uploads\/2014\/07\/3fexam_mac_header-150x100.jpg 150w, https:\/\/www.3faktoriyel.com\/blog\/wp-content\/uploads\/2014\/07\/3fexam_mac_header-300x200.jpg 300w\" sizes=\"(max-width: 700px) 100vw, 700px\" \/><\/a><\/p>\n<p><a href=\"https:\/\/www.3faktoriyel.com\/3fexam-online-sinav-sistemi\" target=\"_blank\" rel=\"noopener noreferrer\">Detayl\u0131 Bilgi ve Sunum \u0130\u00e7in Bize Ula\u015f\u0131n<\/a><\/p>\n","protected":false},"excerpt":{"rendered":"<p>NED\u0130R? 3fexam, Web tabanl\u0131 online bir s\u0131nav \u00e7\u00f6z\u00fcm\u00fcd\u00fcr. Bu sayede Verilen i\u00e7 e\u011fitimlerin geri d\u00f6n\u00fc\u015flerini \u00f6l\u00e7mek amac\u0131yla, Birden \u00e7ok b\u00f6lgede, bir \u00e7ok saha personeline sahip kurum ve \u015firketlerde, e\u011fitim kurumlar\u0131nda, \u00fcniversitelerde, Ara\u015ft\u0131rma projelerinde belli gruplara y\u00f6nelik veri toplamak amac\u0131yla, kullan\u0131c\u0131lara, bir \u00e7ok konuda \u00e7e\u015fitli soru havuzlar\u0131ndan se\u00e7ilen farkl\u0131 zorluk seviyelerindeki sorulardan olu\u015fan online s\u0131navlar yap\u0131labilir, [&hellip;]<\/p>\n","protected":false},"author":1,"featured_media":0,"parent":0,"menu_order":0,"comment_status":"closed","ping_status":"open","template":"","meta":[],"_links":{"self":[{"href":"https:\/\/www.3faktoriyel.com\/blog\/wp-json\/wp\/v2\/pages\/387"}],"collection":[{"href":"https:\/\/www.3faktoriyel.com\/blog\/wp-json\/wp\/v2\/pages"}],"about":[{"href":"https:\/\/www.3faktoriyel.com\/blog\/wp-json\/wp\/v2\/types\/page"}],"author":[{"embeddable":true,"href":"https:\/\/www.3faktoriyel.com\/blog\/wp-json\/wp\/v2\/users\/1"}],"replies":[{"embeddable":true,"href":"https:\/\/www.3faktoriyel.com\/blog\/wp-json\/wp\/v2\/comments?post=387"}],"version-history":[{"count":38,"href":"https:\/\/www.3faktoriyel.com\/blog\/wp-json\/wp\/v2\/pages\/387\/revisions"}],"predecessor-version":[{"id":1188,"href":"https:\/\/www.3faktoriyel.com\/blog\/wp-json\/wp\/v2\/pages\/387\/revisions\/1188"}],"wp:attachment":[{"href":"https:\/\/www.3faktoriyel.com\/blog\/wp-json\/wp\/v2\/media?parent=387"}],"curies":[{"name":"wp","href":"https:\/\/api.w.org\/{rel}","templated":true}]}}