{"id":72,"date":"2013-12-26T15:53:36","date_gmt":"2013-12-26T15:53:36","guid":{"rendered":"http:\/\/demo.3faktoriyel.com\/blog\/?page_id=72"},"modified":"2020-09-11T19:40:06","modified_gmt":"2020-09-11T19:40:06","slug":"ogrenci-bilgi-ve-otomasyon-sistemi","status":"publish","type":"page","link":"https:\/\/www.3faktoriyel.com\/blog\/ogrenci-bilgi-ve-otomasyon-sistemi\/","title":{"rendered":"3FCAMPUS \u00d6\u011eRENC\u0130 B\u0130LG\u0130 S\u0130STEM\u0130"},"content":{"rendered":"<p><a name=\"3fcampus\"><\/a><a class=\"fancy\" title=\"Mod\u00fcler \u00d6\u011frenci Bilgi Sistemi ve \u00dcniversite Otomasyon Yaz\u0131l\u0131m\u0131\" href=\"http:\/\/www.3faktoriyel.com\/blog\/wp-content\/uploads\/2013\/12\/3fcampusmockup.png\"><img loading=\"lazy\" class=\"alignnone size-full wp-image-644\" src=\"http:\/\/www.3faktoriyel.com\/blog\/wp-content\/uploads\/2013\/12\/3fcampusmockup.png\" alt=\"3fcampusmockup\" width=\"720\" height=\"514\" srcset=\"https:\/\/www.3faktoriyel.com\/blog\/wp-content\/uploads\/2013\/12\/3fcampusmockup.png 720w, https:\/\/www.3faktoriyel.com\/blog\/wp-content\/uploads\/2013\/12\/3fcampusmockup-150x107.png 150w, https:\/\/www.3faktoriyel.com\/blog\/wp-content\/uploads\/2013\/12\/3fcampusmockup-300x214.png 300w\" sizes=\"(max-width: 720px) 100vw, 720px\" \/><\/a><\/p>\n<h2 style=\"text-align: justify;\"><\/h2>\n<h2 style=\"text-align: justify;\">NED\u0130R?<\/h2>\n<p style=\"text-align: justify;\">\u00d6\u011frenci \u0130\u015fleri Daire Ba\u015fkanl\u0131klar\u0131 taraf\u0131ndan y\u00f6netilen t\u00fcm s\u00fcre\u00e7lerin otomasyonunu sa\u011flayan ve di\u011fer akademik\/idari b\u00f6l\u00fcmlerin belli seviyelerde kendi g\u00f6rev s\u00fcre\u00e7lerini de y\u00f6netebilmelerine olanak veren ve bu yap\u0131lar\u0131n birle\u015ferek sistemin ana hatlar\u0131n\u0131 olu\u015fturdu\u011fu mod\u00fcler bir \u00d6\u011frenci Bilgi Sistemidir.<\/p>\n<p style=\"text-align: justify;\">Tamamen Web tabanl\u0131 olu\u015fturulan sistemde, ders kay\u0131tlar\u0131, not giri\u015fleri, transkript alma vb. gibi i\u015flemlerin yan\u0131 s\u0131ra, SMS ile bilgilendirme (not, devam sorgulama), Mobil Cihazlardan ve Cep telefonlar\u0131ndan da eri\u015fim gibi yenilik\u00e7i yakla\u015f\u0131mlar da yer almaktad\u0131r.<\/p>\n<h2 style=\"text-align: justify;\">\u00d6BS MOD\u00dcLLER\u0130<\/h2>\n<h3 style=\"text-align: justify;\">ANA MOD\u00dcL<\/h3>\n<ul>\n<li>\u00d6SYM\u2019den kazanan \u00f6\u011frencilerin bilgilerinin aktar\u0131lmas\u0131 , LYS , EK kontenjanla Dikey Ge\u00e7i\u015fle gelen \u00f6\u011frenci bilgilerinin aktar\u0131lmas\u0131<\/li>\n<li>\u0130lk kay\u0131tlanma bilgi formlar\u0131<\/li>\n<li>Lisans, \u00f6n lisans kay\u0131t yenileme i\u015flemleri<\/li>\n<li>Dan\u0131\u015fman onaylama i\u015flemleri<\/li>\n<li>Dan\u0131\u015fman atama ve y\u00f6netimi<\/li>\n<li>Derslik giri\u015fi, derslik programlar\u0131<\/li>\n<li>Derslik rezervasyon program\u0131<\/li>\n<li>Final \/ B\u00fct\u00fcnleme s\u0131nav listelerinin olu\u015fturulmas\u0131<\/li>\n<li>\u0130kinci yabanc\u0131 dil final s\u0131nav listelerinin olu\u015fturulmas\u0131<\/li>\n<li>Not giri\u015fleri<\/li>\n<li>Devams\u0131zl\u0131k giri\u015f y\u00f6netimi<\/li>\n<li>Detayl\u0131 devams\u0131zl\u0131k g\u00f6r\u00fcnt\u00fcleme<\/li>\n<li>Ders tan\u0131mlama<\/li>\n<li>M\u00fcfredat giri\u015fleri<\/li>\n<li>Y\u0131ll\u0131k derslerin giri\u015fleri<\/li>\n<li>Derslerin g\u00fcn saat giri\u015fleri.<\/li>\n<li>\u00d6\u011fretim \u00fcyesi tan\u0131mlanmas\u0131.<\/li>\n<li>\u00d6\u011fretim \u00fcyelerine ders atama<\/li>\n<li>\u00d6\u011frencilere ders atama<\/li>\n<li>Derslik haftal\u0131k program\u0131<\/li>\n<li>SMS ile bildirim<\/li>\n<li>Toplu listeler<\/li>\n<li>Diploma \/ Diploma Etiketi \/ Diploma Defteri bas\u0131m\u0131<\/li>\n<li>Sertifika bas\u0131m\u0131<\/li>\n<li>Transkript olu\u015fturma ve bas\u0131m\u0131<\/li>\n<li>\u00d6\u011frenci belgeleri olu\u015fturma ve adrese g\u00f6nderme y\u00f6netimi<\/li>\n<li>Askerlik belgeleri<\/li>\n<li>Raporlar<\/li>\n<li>\u0130statistikler<\/li>\n<li>Toplu ta\u015f\u0131ma (\u015eehir ula\u015f\u0131m kart\u0131 i\u00e7in ) on-line \u00f6\u011frenci durumu sorgulamas\u0131<\/li>\n<li>\u00d6\u011frenci ekranlar\u0131ndan belge taleplerinde kredi kart\u0131 ile \u00f6deme i\u015flemleri<\/li>\n<li>\u0130li\u015fik kesme i\u015flemleri<\/li>\n<li>Mesajla\u015fma i\u015flemleri<\/li>\n<li>Proje ve i\u015f s\u00fcre\u00e7lerinin y\u00f6netimi, problem bildirme<\/li>\n<\/ul>\n<h3 style=\"text-align: justify;\">F\u0130NANSAL \u0130\u015eLEMLER MOD\u00dcL\u00dc<\/h3>\n<ul>\n<li>\u00d6\u011fretim \u00fccretlerinin &nbsp;olu\u015fturulmas\u0131 (Kimlik \u00fccretleri, Diploma ve Kep \u00fccretleri)<\/li>\n<li>Anla\u015fmal\u0131 bankalar\u0131n sistemlerine uygun datalar\u0131n online \u00f6deme sistemleri i\u00e7in olu\u015fturulmas\u0131 ve bankalara online veya \u015fubelerden \u00f6deme yap\u0131lacak \u015fekilde&nbsp;y\u00fcklenmesi.<\/li>\n<li>\u00d6deme bilgilerinin ve tahsilat durumlar\u0131n\u0131n bankalardadan online \u00d6BS&#8217;e geri y\u00fcklenmesi.<\/li>\n<li>Muhasebe programlar\u0131na tahsilat, bor\u00e7 vb. bilgileri aktar\u0131lmas\u0131 ve olu\u015fturulmas\u0131<\/li>\n<\/ul>\n<h3 style=\"text-align: justify;\">ORYANTASYON MOD\u00dcL\u00dc<\/h3>\n<ul>\n<li>Oryantasyon derslerinin ve ders programlar\u0131n\u0131n giri\u015fleri.<\/li>\n<li><span style=\"text-align: justify;\">\u00d6\u011frencilerin oryantasyon i\u00e7in kay\u0131tlanmalar\u0131.<\/span><\/li>\n<li><span style=\"text-align: justify;\">Oryantasyon dersleri listeleri.<\/span><\/li>\n<\/ul>\n<h3 style=\"text-align: justify;\">\u00d6\u011eRENC\u0130 KONSEY SE\u00c7\u0130MLER\u0130 MOD\u00dcL\u00dc<\/h3>\n<ul>\n<li>Aday Giri\u015fleri<\/li>\n<li><span style=\"text-align: justify;\">1., 2. ,3. Tur Oy kullan\u0131m ekran\u0131<\/span><\/li>\n<li><span style=\"text-align: justify;\">Al\u0131nan oylar\u0131n ve kazanan adaylar\u0131n g\u00f6r\u00fcnt\u00fclenme ekranlar\u0131.<\/span><\/li>\n<\/ul>\n<h3 style=\"text-align: justify;\">ENST\u0130T\u00dc (Y\u00dcKSEK L\u0130SANS, DOKTORA) MOD\u00dcL\u00dc<\/h3>\n<ul>\n<li>Y\u00fcksek Lisans\/Doktora programar\u0131 kay\u0131t yenileme i\u015flemleri<\/li>\n<li>Koordinat\u00f6r\/Dan\u0131\u015fman ders onaylama i\u015flemleri<\/li>\n<li>Koordinat\u00f6r\/Dan\u0131\u015fman atama ve y\u00f6netimi<\/li>\n<li>Not giri\u015fleri<\/li>\n<li>Devams\u0131zl\u0131k giri\u015f y\u00f6netimi<\/li>\n<li>Detayl\u0131 devams\u0131zl\u0131k g\u00f6r\u00fcnt\u00fcleme<\/li>\n<li>Ders tan\u0131mlama<\/li>\n<li>M\u00fcfredat giri\u015fleri<\/li>\n<li>Y\u0131ll\u0131k derslerin giri\u015fleri<\/li>\n<li>Derslerin g\u00fcn saat giri\u015fleri.<\/li>\n<li>\u00d6\u011fretim \u00fcyesi tan\u0131mlanmas\u0131.<\/li>\n<li>\u00d6\u011fretim \u00fcyelerine ders atama<\/li>\n<li>\u00d6\u011frencilere ders atama<\/li>\n<li>Derslik haftal\u0131k program\u0131<\/li>\n<li>SMS ile bildirim<\/li>\n<li>Grade card<\/li>\n<li>Topu listeler<\/li>\n<\/ul>\n<h3>YABANCI D\u0130L HAZIRLIK PROGRAMI MOD\u00dcLLER\u0130<\/h3>\n<ul>\n<li>Not giri\u015fleri<\/li>\n<li>Devams\u0131zl\u0131k giri\u015f y\u00f6netimi<\/li>\n<li>Detayl\u0131 devams\u0131zl\u0131k g\u00f6r\u00fcnt\u00fcleme<\/li>\n<li>Ders tan\u0131mlama<\/li>\n<li>M\u00fcfredat giri\u015fleri<\/li>\n<li>Y\u0131ll\u0131k derslerin giri\u015fleri<\/li>\n<li>Derslerin g\u00fcn saat giri\u015fleri<\/li>\n<li>\u00d6\u011fretim \u00fcyesi tan\u0131mlanmas\u0131<\/li>\n<li>\u00d6\u011fretim \u00fcyelerine ders atama<\/li>\n<li>\u00d6\u011frencilere ders atama<\/li>\n<li>Derslik haftal\u0131k program\u0131<\/li>\n<li>SMS ile bildirim<\/li>\n<li>Grade card<\/li>\n<li>Toplu listeler<\/li>\n<li>Yabanc\u0131 diller haz\u0131rl\u0131k i\u015flemleri<\/li>\n<\/ul>\n<h3 style=\"text-align: justify;\">ANKET MOD\u00dcL\u00dc<\/h3>\n<ul>\n<li>\u00d6\u011fretim \u00fcyesi ders de\u011ferlendirme anketleri<\/li>\n<li>Yabanc\u0131 Dil Haz\u0131rl\u0131k S\u0131n\u0131flar\u0131 \u00f6\u011fretim elemanlar\u0131 de\u011ferlendirme anketleri<\/li>\n<li>Haz\u0131rl\u0131k sistem de\u011ferlendirme anketleri<\/li>\n<li>Genel memnuniyet anketleri<\/li>\n<li>Yurt anketleri<\/li>\n<li>Mezuniyet anketleri<\/li>\n<li>\u00d6\u011frenci g\u00f6r\u00fc\u015fleri<\/li>\n<\/ul>\n<h3 style=\"text-align: justify;\">MEZUN \u00d6\u011eRENC\u0130 MOD\u00dcL\u00dc<\/h3>\n<ul>\n<li>Mezunlar veritaban\u0131 y\u00f6netim sistemi<\/li>\n<li>\u00d6\u011frenci anda\u00e7 giri\u015fleri<\/li>\n<li>\u00d6\u011frenci CV bankas\u0131<\/li>\n<li>Mezuniyet t\u00f6reni ba\u015fvuru formu<\/li>\n<\/ul>\n<h3 style=\"text-align: justify;\">AKADEM\u0130K PERSONEL MOD\u00dcL\u00dc<\/h3>\n<ul>\n<li>Akademik Bilgi Sistemi ve Raporlamalar\u0131<\/li>\n<\/ul>\n<p><a href=\"https:\/\/www.3faktoriyel.com\/3fcampus-ogrenci-bilgi-sistemi\" target=\"_blank\" rel=\"noopener noreferrer\">Detayl\u0131 Bilgi ve Sunum \u0130\u00e7in Bize Ula\u015f\u0131n<\/a><\/p>\n","protected":false},"excerpt":{"rendered":"<p>NED\u0130R? \u00d6\u011frenci \u0130\u015fleri Daire Ba\u015fkanl\u0131klar\u0131 taraf\u0131ndan y\u00f6netilen t\u00fcm s\u00fcre\u00e7lerin otomasyonunu sa\u011flayan ve di\u011fer akademik\/idari b\u00f6l\u00fcmlerin belli seviyelerde kendi g\u00f6rev s\u00fcre\u00e7lerini de y\u00f6netebilmelerine olanak veren ve bu yap\u0131lar\u0131n birle\u015ferek sistemin ana hatlar\u0131n\u0131 olu\u015fturdu\u011fu mod\u00fcler bir \u00d6\u011frenci Bilgi Sistemidir. Tamamen Web tabanl\u0131 olu\u015fturulan sistemde, ders kay\u0131tlar\u0131, not giri\u015fleri, transkript alma vb. gibi i\u015flemlerin yan\u0131 s\u0131ra, SMS ile [&hellip;]<\/p>\n","protected":false},"author":1,"featured_media":0,"parent":0,"menu_order":0,"comment_status":"closed","ping_status":"open","template":"","meta":[],"_links":{"self":[{"href":"https:\/\/www.3faktoriyel.com\/blog\/wp-json\/wp\/v2\/pages\/72"}],"collection":[{"href":"https:\/\/www.3faktoriyel.com\/blog\/wp-json\/wp\/v2\/pages"}],"about":[{"href":"https:\/\/www.3faktoriyel.com\/blog\/wp-json\/wp\/v2\/types\/page"}],"author":[{"embeddable":true,"href":"https:\/\/www.3faktoriyel.com\/blog\/wp-json\/wp\/v2\/users\/1"}],"replies":[{"embeddable":true,"href":"https:\/\/www.3faktoriyel.com\/blog\/wp-json\/wp\/v2\/comments?post=72"}],"version-history":[{"count":17,"href":"https:\/\/www.3faktoriyel.com\/blog\/wp-json\/wp\/v2\/pages\/72\/revisions"}],"predecessor-version":[{"id":1187,"href":"https:\/\/www.3faktoriyel.com\/blog\/wp-json\/wp\/v2\/pages\/72\/revisions\/1187"}],"wp:attachment":[{"href":"https:\/\/www.3faktoriyel.com\/blog\/wp-json\/wp\/v2\/media?parent=72"}],"curies":[{"name":"wp","href":"https:\/\/api.w.org\/{rel}","templated":true}]}}